{"id":47789,"date":"2024-06-13T13:00:24","date_gmt":"2024-06-13T13:00:24","guid":{"rendered":"https:\/\/troll.tpsystem.se\/?product=patriot-teaser-reel-1-piece"},"modified":"2025-08-27T21:09:54","modified_gmt":"2025-08-27T21:09:54","slug":"patriot-teaser-reel-1-piece","status":"publish","type":"product","link":"https:\/\/trollingcenter.se\/en\/product\/patriot-teaser-reel-1-piece\/","title":{"rendered":"Patriot Teaser Reel. 1 piece."},"content":{"rendered":"<p>\n\tHigh-quality, marine aluminum frame planer reel with steady and powerful disc brakes. Easy and fast setting of the brake.<\/p>\n<ul>\n<li>\n\t\tFrame made of anodized aluminum with marine<\/li>\n<li>\n\t\tSmooth and powerful disc brakes<\/li>\n<li>\n\t\tJointed handle arm, which gives more powerful winding<\/li>\n<li>\n\t\tCan be attached to a railing or on a flat surface<\/li>\n<li>\n\t\tComes with mounting hardware and tools<\/li>\n<li>\n\t\tReel outer diameter of 205mm<\/li>\n<li>\n\t\tReel inner diameter of 147mm<\/li>\n<li>\n\t\tLine maxiumum height 29mm, width 25 mm<\/li>\n<li>\n\t\tWeight 1.3 kg<\/li>\n<\/ul>\n<p>Om bromsen kr\u00e5nglar sm\u00f6rj in axlen och g\u00e4ngorna lite med fett<\/p>\n","protected":false},"excerpt":{"rendered":"<p>\tHigh-quality, marine aluminum frame planer reel with steady and powerful disc brakes. Easy and fast setting of the brake.<\/p>\n<p>\t\tFrame made of anodized aluminum with marine<\/p>\n<p>\t\tSmooth and powerful disc brakes<\/p>\n<p>\t\tJointed handle arm, which gives more powerful winding<\/p>\n<p>\t\tCan be attached to a railing or on a flat surface<\/p>\n<p>\t\tComes with mounting hardware and tools<\/p>\n<p>\t\tReel outer diameter of 205mm<\/p>\n<p>\t\tReel inner diameter of 147mm<\/p>\n<p>\t\tLine maxiumum height 29mm, width 25 mm<\/p>\n<p>\t\tWeight 1.3 kg<\/p>\n<p>Om bromsen kr\u00e5nglar sm\u00f6rj in axlen och g\u00e4ngorna lite med fett<\/p>\n","protected":false},"featured_media":47787,"comment_status":"open","ping_status":"closed","template":"","meta":[],"product_brand":[],"product_cat":[1142],"product_tag":[2191],"class_list":{"0":"post-47789","1":"product","2":"type-product","3":"status-publish","4":"has-post-thumbnail","6":"product_cat-teaser-reels","7":"product_tag-offers-en","9":"first","10":"instock","11":"sale","12":"taxable","13":"shipping-taxable","14":"purchasable","15":"product-type-simple"},"_links":{"self":[{"href":"https:\/\/trollingcenter.se\/en\/wp-json\/wp\/v2\/product\/47789","targetHints":{"allow":["GET"]}}],"collection":[{"href":"https:\/\/trollingcenter.se\/en\/wp-json\/wp\/v2\/product"}],"about":[{"href":"https:\/\/trollingcenter.se\/en\/wp-json\/wp\/v2\/types\/product"}],"replies":[{"embeddable":true,"href":"https:\/\/trollingcenter.se\/en\/wp-json\/wp\/v2\/comments?post=47789"}],"wp:featuredmedia":[{"embeddable":true,"href":"https:\/\/trollingcenter.se\/en\/wp-json\/wp\/v2\/media\/47787"}],"wp:attachment":[{"href":"https:\/\/trollingcenter.se\/en\/wp-json\/wp\/v2\/media?parent=47789"}],"wp:term":[{"taxonomy":"product_brand","embeddable":true,"href":"https:\/\/trollingcenter.se\/en\/wp-json\/wp\/v2\/product_brand?post=47789"},{"taxonomy":"product_cat","embeddable":true,"href":"https:\/\/trollingcenter.se\/en\/wp-json\/wp\/v2\/product_cat?post=47789"},{"taxonomy":"product_tag","embeddable":true,"href":"https:\/\/trollingcenter.se\/en\/wp-json\/wp\/v2\/product_tag?post=47789"}],"curies":[{"name":"wp","href":"https:\/\/api.w.org\/{rel}","templated":true}]}}