{"id":51397,"date":"2025-08-04T18:57:31","date_gmt":"2025-08-04T18:57:31","guid":{"rendered":"https:\/\/troll.tpsystem.se\/?product=apex-1-5-inch-4cm-157-out-of-stock"},"modified":"2025-10-14T13:27:30","modified_gmt":"2025-10-14T11:27:30","slug":"apex-15-tum-4cm-farg-157-tillfalligt-slut","status":"publish","type":"product","link":"https:\/\/trollingcenter.se\/en\/product\/apex-15-tum-4cm-farg-157-tillfalligt-slut\/","title":{"rendered":"Apex 1,5-tum (4cm) F\u00e4rg: 157."},"content":{"rendered":"<p>\n\tApex \u00e4r en klassisk och popul\u00e4r trollingsked. Tillverkad av plast och levereras med en f\u00e4rdigknuten tafs med tillh\u00f6rande krok och lekande.<\/p>\n<div>\n\tByt g\u00e4rna ut krok och tafs till b\u00e4ttre kvalit\u00e9.<\/div>\n","protected":false},"excerpt":{"rendered":"<p>Apex \u00e4r en klassisk och popul\u00e4r trollingsked. Tillverkad av plast och levereras med en f\u00e4rdigknuten tafs med tillh\u00f6rande krok och lekande. Byt g\u00e4rna ut krok och tafs till b\u00e4ttre kvalit\u00e9.<\/p>\n","protected":false},"featured_media":47235,"comment_status":"open","ping_status":"closed","template":"","meta":[],"product_brand":[84],"product_cat":[1158],"product_tag":[],"class_list":{"0":"post-51397","1":"product","2":"type-product","3":"status-publish","4":"has-post-thumbnail","6":"product_brand-hot-spot","7":"product_cat-1-5-inch","9":"first","10":"instock","11":"taxable","12":"shipping-taxable","13":"purchasable","14":"product-type-simple"},"_links":{"self":[{"href":"https:\/\/trollingcenter.se\/en\/wp-json\/wp\/v2\/product\/51397","targetHints":{"allow":["GET"]}}],"collection":[{"href":"https:\/\/trollingcenter.se\/en\/wp-json\/wp\/v2\/product"}],"about":[{"href":"https:\/\/trollingcenter.se\/en\/wp-json\/wp\/v2\/types\/product"}],"replies":[{"embeddable":true,"href":"https:\/\/trollingcenter.se\/en\/wp-json\/wp\/v2\/comments?post=51397"}],"wp:featuredmedia":[{"embeddable":true,"href":"https:\/\/trollingcenter.se\/en\/wp-json\/wp\/v2\/media\/47235"}],"wp:attachment":[{"href":"https:\/\/trollingcenter.se\/en\/wp-json\/wp\/v2\/media?parent=51397"}],"wp:term":[{"taxonomy":"product_brand","embeddable":true,"href":"https:\/\/trollingcenter.se\/en\/wp-json\/wp\/v2\/product_brand?post=51397"},{"taxonomy":"product_cat","embeddable":true,"href":"https:\/\/trollingcenter.se\/en\/wp-json\/wp\/v2\/product_cat?post=51397"},{"taxonomy":"product_tag","embeddable":true,"href":"https:\/\/trollingcenter.se\/en\/wp-json\/wp\/v2\/product_tag?post=51397"}],"curies":[{"name":"wp","href":"https:\/\/api.w.org\/{rel}","templated":true}]}}