{"id":57389,"date":"2025-08-12T11:05:03","date_gmt":"2025-08-12T11:05:03","guid":{"rendered":"https:\/\/troll.tpsystem.se\/?product=jesse-flash-8cm-f3-out-of-stock"},"modified":"2025-09-05T12:55:56","modified_gmt":"2025-09-05T10:55:56","slug":"jesse-flash-8cm-f3-out-of-stock","status":"publish","type":"product","link":"https:\/\/trollingcenter.se\/en\/product\/jesse-flash-8cm-f3-out-of-stock\/","title":{"rendered":"Jesse Flash 8cm.  F3."},"content":{"rendered":"<div>\n\tFinlands absolut popul\u00e4raste g\u00f6swobbler finns nu med ursnygg folieyta!<br \/>\n\tOtaliga g\u00f6sar, r\u00f6dingar, \u00f6ringar och andra rovfiskar har g\u00e5tt p\u00e5 den h\u00e4r lilla lurendrejaren. Prova du ocks\u00e5 f\u00f6r att se hur effektiv en av Finlands mest popul\u00e4ra wobblers \u00e4r!\u00a0<\/div>\n<div>\n\tL\u00e4ngd 8cm, Simdjup max. 2,5m, Vikt 10g.<\/div>\n","protected":false},"excerpt":{"rendered":"<p>Finlands absolut popul\u00e4raste g\u00f6swobbler finns nu med ursnygg folieyta! Otaliga g\u00f6sar, r\u00f6dingar, \u00f6ringar och andra rovfiskar har g\u00e5tt p\u00e5 den h\u00e4r lilla lurendrejaren. Prova du ocks\u00e5 f\u00f6r att se hur effektiv en av Finlands mest popul\u00e4ra wobblers \u00e4r!\u00a0 L\u00e4ngd 8cm, Simdjup max. 2,5m, Vikt 10g.<\/p>\n","protected":false},"featured_media":57387,"comment_status":"open","ping_status":"closed","template":"","meta":[],"product_brand":[98],"product_cat":[1406],"product_tag":[],"class_list":{"0":"post-57389","1":"product","2":"type-product","3":"status-publish","4":"has-post-thumbnail","6":"product_brand-jesse","7":"product_cat-flash-8cm-en","9":"first","10":"instock","11":"taxable","12":"shipping-taxable","13":"purchasable","14":"product-type-simple"},"_links":{"self":[{"href":"https:\/\/trollingcenter.se\/en\/wp-json\/wp\/v2\/product\/57389","targetHints":{"allow":["GET"]}}],"collection":[{"href":"https:\/\/trollingcenter.se\/en\/wp-json\/wp\/v2\/product"}],"about":[{"href":"https:\/\/trollingcenter.se\/en\/wp-json\/wp\/v2\/types\/product"}],"replies":[{"embeddable":true,"href":"https:\/\/trollingcenter.se\/en\/wp-json\/wp\/v2\/comments?post=57389"}],"wp:featuredmedia":[{"embeddable":true,"href":"https:\/\/trollingcenter.se\/en\/wp-json\/wp\/v2\/media\/57387"}],"wp:attachment":[{"href":"https:\/\/trollingcenter.se\/en\/wp-json\/wp\/v2\/media?parent=57389"}],"wp:term":[{"taxonomy":"product_brand","embeddable":true,"href":"https:\/\/trollingcenter.se\/en\/wp-json\/wp\/v2\/product_brand?post=57389"},{"taxonomy":"product_cat","embeddable":true,"href":"https:\/\/trollingcenter.se\/en\/wp-json\/wp\/v2\/product_cat?post=57389"},{"taxonomy":"product_tag","embeddable":true,"href":"https:\/\/trollingcenter.se\/en\/wp-json\/wp\/v2\/product_tag?post=57389"}],"curies":[{"name":"wp","href":"https:\/\/api.w.org\/{rel}","templated":true}]}}