{"id":70063,"date":"2024-12-18T19:15:34","date_gmt":"2024-12-18T19:15:34","guid":{"rendered":"https:\/\/troll.tpsystem.se\/?product=apex-1-5-inch-4cm-195"},"modified":"2025-10-14T13:27:31","modified_gmt":"2025-10-14T11:27:31","slug":"apex-15-tum-4cm-farg-195","status":"publish","type":"product","link":"https:\/\/trollingcenter.se\/en\/product\/apex-15-tum-4cm-farg-195\/","title":{"rendered":"Apex 1,5-tum (4cm) F\u00e4rg: 195"},"content":{"rendered":"<p>\n\tApex \u00e4r en klassisk och popul\u00e4r trollingsked. Tillverkad av plast och levereras med en f\u00e4rdigknuten tafs med tillh\u00f6rande krok och lekande.<\/p>\n<div>\n\tByt g\u00e4rna ut krok och tafs till b\u00e4ttre kvalit\u00e9.<\/div>\n","protected":false},"excerpt":{"rendered":"<p>Apex \u00e4r en klassisk och popul\u00e4r trollingsked. Tillverkad av plast och levereras med en f\u00e4rdigknuten tafs med tillh\u00f6rande krok och lekande. Byt g\u00e4rna ut krok och tafs till b\u00e4ttre kvalit\u00e9.<\/p>\n","protected":false},"featured_media":70061,"comment_status":"open","ping_status":"closed","template":"","meta":[],"product_brand":[84],"product_cat":[1158],"product_tag":[],"class_list":{"0":"post-70063","1":"product","2":"type-product","3":"status-publish","4":"has-post-thumbnail","6":"product_brand-hot-spot","7":"product_cat-1-5-inch","9":"first","10":"instock","11":"taxable","12":"shipping-taxable","13":"purchasable","14":"product-type-simple"},"_links":{"self":[{"href":"https:\/\/trollingcenter.se\/en\/wp-json\/wp\/v2\/product\/70063","targetHints":{"allow":["GET"]}}],"collection":[{"href":"https:\/\/trollingcenter.se\/en\/wp-json\/wp\/v2\/product"}],"about":[{"href":"https:\/\/trollingcenter.se\/en\/wp-json\/wp\/v2\/types\/product"}],"replies":[{"embeddable":true,"href":"https:\/\/trollingcenter.se\/en\/wp-json\/wp\/v2\/comments?post=70063"}],"wp:featuredmedia":[{"embeddable":true,"href":"https:\/\/trollingcenter.se\/en\/wp-json\/wp\/v2\/media\/70061"}],"wp:attachment":[{"href":"https:\/\/trollingcenter.se\/en\/wp-json\/wp\/v2\/media?parent=70063"}],"wp:term":[{"taxonomy":"product_brand","embeddable":true,"href":"https:\/\/trollingcenter.se\/en\/wp-json\/wp\/v2\/product_brand?post=70063"},{"taxonomy":"product_cat","embeddable":true,"href":"https:\/\/trollingcenter.se\/en\/wp-json\/wp\/v2\/product_cat?post=70063"},{"taxonomy":"product_tag","embeddable":true,"href":"https:\/\/trollingcenter.se\/en\/wp-json\/wp\/v2\/product_tag?post=70063"}],"curies":[{"name":"wp","href":"https:\/\/api.w.org\/{rel}","templated":true}]}}